{"id":466,"date":"2025-09-15T08:22:02","date_gmt":"2025-09-15T08:22:02","guid":{"rendered":"https:\/\/youcheckinn.com\/?page_id=466"},"modified":"2026-01-20T13:34:29","modified_gmt":"2026-01-20T13:34:29","slug":"locataires","status":"publish","type":"page","link":"https:\/\/youcheckinn.com\/en\/locataires\/","title":{"rendered":"Tenants"},"content":{"rendered":"<p>[et_pb_section fb_built=\u00a0\u00bb1&Prime; admin_label=\u00a0\u00bbsection\u00a0\u00bb _builder_version=\u00a0\u00bb4.16&Prime; custom_padding=\u00a0\u00bb||100px|||\u00a0\u00bb locked=\u00a0\u00bboff\u00a0\u00bb global_colors_info=\u00a0\u00bb{}\u00a0\u00bb][et_pb_row admin_label=\u00a0\u00bbrow\u00a0\u00bb _builder_version=\u00a0\u00bb4.16&Prime; background_size=\u00a0\u00bbinitial\u00a0\u00bb background_position=\u00a0\u00bbtop_left\u00a0\u00bb background_repeat=\u00a0\u00bbrepeat\u00a0\u00bb global_colors_info=\u00a0\u00bb{}\u00a0\u00bb][et_pb_column type=\u00a0\u00bb4_4&Prime; _builder_version=\u00a0\u00bb4.16&Prime; custom_padding=\u00a0\u00bb|||\u00a0\u00bb global_colors_info=\u00a0\u00bb{}\u00a0\u00bb custom_padding__hover=\u00a0\u00bb|||\u00a0\u00bb][et_pb_text admin_label=\u00a0\u00bbTitre page\u00a0\u00bb module_id=\u00a0\u00bbsolutions\u00a0\u00bb _builder_version=\u00a0\u00bb4.27.4&Prime; _module_preset=\u00a0\u00bbdefault\u00a0\u00bb header_font=\u00a0\u00bbLato|700|||||||\u00a0\u00bb header_text_align=\u00a0\u00bbcenter\u00a0\u00bb header_font_size=\u00a0\u00bb32px\u00a0\u00bb header_2_font=\u00a0\u00bbLato||||||||\u00a0\u00bb header_3_font=\u00a0\u00bbLato|700|||||||\u00a0\u00bb header_3_font_size=\u00a0\u00bb36px\u00a0\u00bb header_3_line_height=\u00a0\u00bb1.5em\u00a0\u00bb locked=\u00a0\u00bboff\u00a0\u00bb global_colors_info=\u00a0\u00bb{}\u00a0\u00bb]<\/p>\n<h1>Locataires<\/h1>\n<p>[\/et_pb_text][\/et_pb_column][\/et_pb_row][et_pb_row column_structure=\u00a0\u00bb2_5,3_5&Prime; _builder_version=\u00a0\u00bb4.27.4&Prime; custom_margin=\u00a0\u00bb|auto|0px|auto|false|false\u00a0\u00bb locked=\u00a0\u00bboff\u00a0\u00bb global_colors_info=\u00a0\u00bb{}\u00a0\u00bb][et_pb_column type=\u00a0\u00bb2_5&Prime; _builder_version=\u00a0\u00bb4.16&Prime; custom_padding=\u00a0\u00bb|||\u00a0\u00bb global_colors_info=\u00a0\u00bb{}\u00a0\u00bb custom_padding__hover=\u00a0\u00bb|||\u00a0\u00bb][et_pb_text admin_label=\u00a0\u00bbEn savoir plus Locataires Accroche\u00a0\u00bb _builder_version=\u00a0\u00bb4.27.4&Prime; text_font=\u00a0\u00bbLato||||||||\u00a0\u00bb text_text_color=\u00a0\u00bb#898f99&Prime; text_font_size=\u00a0\u00bb24px\u00a0\u00bb text_line_height=\u00a0\u00bb1.3em\u00a0\u00bb header_font=\u00a0\u00bb||||||||\u00a0\u00bb header_2_font=\u00a0\u00bbLato||||||||\u00a0\u00bb header_3_font=\u00a0\u00bbLato|700|||||||\u00a0\u00bb header_3_font_size=\u00a0\u00bb36px\u00a0\u00bb header_3_line_height=\u00a0\u00bb1.5em\u00a0\u00bb custom_margin=\u00a0\u00bb60px|||\u00a0\u00bb custom_margin_tablet=\u00a0\u00bb20px||||false|false\u00a0\u00bb custom_margin_phone=\u00a0\u00bb0px||||false|false\u00a0\u00bb custom_margin_last_edited=\u00a0\u00bbon|phone\u00a0\u00bb custom_padding=\u00a0\u00bb0px||||false|false\u00a0\u00bb global_colors_info=\u00a0\u00bb{}\u00a0\u00bb]<\/p>\n<p><em>Grace \u00e0 You Checkinn, louez en toute s\u00e9curit\u00e9, et profitez sereinement de votre s\u00e9jour.<br \/>Votre \u00e9tat des lieux \u00e0 l\u2019entr\u00e9e est certifi\u00e9, il ne vous faut que quelques minutes pour le valider ou faire part de vos observations de fa\u00e7on contradictoire\u2026. Et c\u2019est pareil au moment du d\u00e9part.<\/em><\/p>\n<p>[\/et_pb_text][et_pb_text admin_label=\u00a0\u00bbLiens appstores\u00a0\u00bb _builder_version=\u00a0\u00bb4.27.5&Prime; _module_preset=\u00a0\u00bbdefault\u00a0\u00bb custom_margin=\u00a0\u00bb||35px|||\u00a0\u00bb global_colors_info=\u00a0\u00bb{}\u00a0\u00bb]<\/p>\n<p class=\"mobile-apps-buttons\"><a href=\"https:\/\/apps.apple.com\/fr\/app\/you-checkinn\/id6748941393\" target=\"_blank\" rel=\"noopener\" title=\"T\u00e9l\u00e9charger sur l'Appstore\"><img loading=\"lazy\" decoding=\"async\" src=\"https:\/\/youcheckinn.com\/wp-content\/uploads\/2025\/09\/appstore-logo-300x89.png\" width=\"150\" height=\"45\" alt=\"\" class=\"wp-image-483 alignnone size-medium\" \/><\/a><a href=\"https:\/\/play.google.com\/store\/apps\/details?id=com.youcheckinn.android\" target=\"_blank\" rel=\"noopener\" title=\"T\u00e9l\u00e9charger sur Google Play\"><img loading=\"lazy\" decoding=\"async\" src=\"https:\/\/youcheckinn.com\/wp-content\/uploads\/2025\/09\/googleplay-logo-300x90.png\" width=\"150\" height=\"45\" alt=\"\" class=\"wp-image-493 alignnone size-medium\" \/><\/a><\/p>\n<p>[\/et_pb_text][et_pb_text admin_label=\u00a0\u00bbEn savoir plus Locataires Texte\u00a0\u00bb _builder_version=\u00a0\u00bb4.27.4&Prime; text_font=\u00a0\u00bbLato||||||||\u00a0\u00bb text_text_color=\u00a0\u00bb#898f99&Prime; text_font_size=\u00a0\u00bb17px\u00a0\u00bb text_line_height=\u00a0\u00bb1.65em\u00a0\u00bb header_font=\u00a0\u00bb||||||||\u00a0\u00bb header_2_font=\u00a0\u00bbLato||||||||\u00a0\u00bb header_3_font=\u00a0\u00bbLato|700|||||||\u00a0\u00bb header_3_font_size=\u00a0\u00bb36px\u00a0\u00bb header_3_line_height=\u00a0\u00bb1.5em\u00a0\u00bb custom_margin=\u00a0\u00bb||||false|false\u00a0\u00bb global_colors_info=\u00a0\u00bb{}\u00a0\u00bb]<\/p>\n<p>Que vous ayez r\u00e9serv\u00e9 votre location saisonni\u00e8re directement ou via une plateforme, si vous voyez le logo <span style=\"color: #339966;\"><strong>You Checkinn\u00ae, soyez tranquille<\/strong><\/span>.<\/p>\n<p>Avec You Checkinn, fini les mauvaises surprises : <span style=\"color: #339966;\"><strong>Ce que vous voyez est ce que vous louez !<\/strong><\/span><\/p>\n<p>Mais You Checkinn va bien <span style=\"color: #339966;\"><strong>au-del\u00e0<\/strong><\/span>.<\/p>\n<p>Nous mettons \u00e0 votre disposition <span style=\"color: #339966;\"><strong>tous les documents juridiques relatifs \u00e0 votre s\u00e9jour<\/strong><\/span> : Assurance, contrat de location, \u00e9tat des lieux\u2026 dans un <span style=\"color: #339966;\"><strong>espace s\u00e9curis\u00e9<\/strong><\/span>.<\/p>\n<p>[\/et_pb_text][\/et_pb_column][et_pb_column type=\u00a0\u00bb3_5&Prime; _builder_version=\u00a0\u00bb4.16&Prime; custom_padding=\u00a0\u00bb|||\u00a0\u00bb global_colors_info=\u00a0\u00bb{}\u00a0\u00bb custom_padding__hover=\u00a0\u00bb|||\u00a0\u00bb][et_pb_image src=\u00a0\u00bbhttps:\/\/youcheckinn.com\/wp-content\/uploads\/2025\/09\/Poignee-de-mains_Accroche-porte-Moyenne.jpeg\u00a0\u00bb alt=\u00a0\u00bbYou CheckInn &#8211; \u00c9tat des lieux certifi\u00e9\u00a0\u00bb title_text=\u00a0\u00bbYou CheckInn &#8211; \u00c9tat des lieux certifi\u00e9\u00a0\u00bb align_tablet=\u00a0\u00bbcenter\u00a0\u00bb align_phone=\u00a0\u00bbcenter\u00a0\u00bb align_last_edited=\u00a0\u00bbon|desktop\u00a0\u00bb _builder_version=\u00a0\u00bb4.27.5&Prime; _module_preset=\u00a0\u00bbdefault\u00a0\u00bb custom_margin=\u00a0\u00bb80px|||20px|false|false\u00a0\u00bb custom_margin_tablet=\u00a0\u00bb0px|0px||0px|false|false\u00a0\u00bb custom_margin_phone=\u00a0\u00bb0px|0px||0px|false|false\u00a0\u00bb custom_margin_last_edited=\u00a0\u00bbon|phone\u00a0\u00bb hover_enabled=\u00a0\u00bb0&Prime; global_colors_info=\u00a0\u00bb{}\u00a0\u00bb sticky_enabled=\u00a0\u00bb0&Prime;][\/et_pb_image][\/et_pb_column][\/et_pb_row][et_pb_row _builder_version=\u00a0\u00bb4.27.4&Prime; _module_preset=\u00a0\u00bbdefault\u00a0\u00bb custom_margin=\u00a0\u00bb0px||||false|false\u00a0\u00bb custom_padding=\u00a0\u00bb0px||||false|false\u00a0\u00bb global_colors_info=\u00a0\u00bb{}\u00a0\u00bb][et_pb_column type=\u00a0\u00bb4_4&Prime; _builder_version=\u00a0\u00bb4.27.4&Prime; _module_preset=\u00a0\u00bbdefault\u00a0\u00bb global_colors_info=\u00a0\u00bb{}\u00a0\u00bb][et_pb_text admin_label=\u00a0\u00bbEn savoir plus Locataires texte suite\u00a0\u00bb _builder_version=\u00a0\u00bb4.27.4&Prime; text_font=\u00a0\u00bbLato||||||||\u00a0\u00bb text_text_color=\u00a0\u00bb#898f99&Prime; text_font_size=\u00a0\u00bb17px\u00a0\u00bb text_line_height=\u00a0\u00bb1.65em\u00a0\u00bb header_font=\u00a0\u00bb||||||||\u00a0\u00bb header_2_font=\u00a0\u00bbLato||||||||\u00a0\u00bb header_3_font=\u00a0\u00bbLato|700|||||||\u00a0\u00bb header_3_font_size=\u00a0\u00bb36px\u00a0\u00bb header_3_line_height=\u00a0\u00bb1.5em\u00a0\u00bb custom_margin=\u00a0\u00bb||||false|false\u00a0\u00bb global_colors_info=\u00a0\u00bb{}\u00a0\u00bb]<\/p>\n<p>Mais aussi toutes les informations utiles pour <span style=\"color: #339966;\"><strong>profiter pleinement du logement et de ses commodit\u00e9s<\/strong><\/span>\u2026 Code wifi, r\u00e9glage de la climatisation, acc\u00e8s \u00e0 la piscine, aux d\u00e9pendances\u2026 Tout est l\u00e0 !<\/p>\n<p>Et <span style=\"color: #339966;\"><strong>tr\u00e8s<\/strong><\/span> <span style=\"color: #339966;\"><strong>bient\u00f4t<\/strong><\/span>, pour profiter intens\u00e9ment de votre s\u00e9jour, les <span style=\"color: #339966;\"><strong>meilleurs spots touristiques<\/strong><\/span> \u00e0 visiter, et l\u2019<span style=\"color: #339966;\"><strong>actualit\u00e9 culturelle<\/strong><\/span> au tour de votre logement\u2026<\/p>\n<p>A la fin de votre s\u00e9jour, il ne vous faudra <span style=\"color: #339966;\"><strong>que quelques minutes pour valider votre \u00e9tat des lieux de sortie<\/strong><\/span> et r\u00e9cup\u00e9rer votre caution&#8230;<\/p>\n<p>[\/et_pb_text][\/et_pb_column][\/et_pb_row][\/et_pb_section]<\/p>\n","protected":false},"excerpt":{"rendered":"<p>LocatairesGrace \u00e0 You Checkinn, louez en toute s\u00e9curit\u00e9, et profitez sereinement de votre s\u00e9jour.Votre \u00e9tat des lieux \u00e0 l\u2019entr\u00e9e est certifi\u00e9, il ne vous faut que quelques minutes pour le valider ou faire part de vos observations de fa\u00e7on contradictoire\u2026. Et c\u2019est pareil au moment du d\u00e9part.Que vous ayez r\u00e9serv\u00e9 votre location saisonni\u00e8re directement ou [&hellip;]<\/p>\n","protected":false},"author":5,"featured_media":0,"parent":0,"menu_order":0,"comment_status":"closed","ping_status":"closed","template":"","meta":{"_acf_changed":false,"_et_pb_use_builder":"on","_et_pb_old_content":"","_et_gb_content_width":"","footnotes":""},"class_list":["post-466","page","type-page","status-publish","hentry"],"acf":[],"_links":{"self":[{"href":"https:\/\/youcheckinn.com\/en\/wp-json\/wp\/v2\/pages\/466","targetHints":{"allow":["GET"]}}],"collection":[{"href":"https:\/\/youcheckinn.com\/en\/wp-json\/wp\/v2\/pages"}],"about":[{"href":"https:\/\/youcheckinn.com\/en\/wp-json\/wp\/v2\/types\/page"}],"author":[{"embeddable":true,"href":"https:\/\/youcheckinn.com\/en\/wp-json\/wp\/v2\/users\/5"}],"replies":[{"embeddable":true,"href":"https:\/\/youcheckinn.com\/en\/wp-json\/wp\/v2\/comments?post=466"}],"version-history":[{"count":33,"href":"https:\/\/youcheckinn.com\/en\/wp-json\/wp\/v2\/pages\/466\/revisions"}],"predecessor-version":[{"id":1221,"href":"https:\/\/youcheckinn.com\/en\/wp-json\/wp\/v2\/pages\/466\/revisions\/1221"}],"wp:attachment":[{"href":"https:\/\/youcheckinn.com\/en\/wp-json\/wp\/v2\/media?parent=466"}],"curies":[{"name":"wp","href":"https:\/\/api.w.org\/{rel}","templated":true}]}}