{"id":566,"date":"2025-09-15T12:35:29","date_gmt":"2025-09-15T12:35:29","guid":{"rendered":"https:\/\/youcheckinn.com\/?page_id=566"},"modified":"2026-01-20T15:28:18","modified_gmt":"2026-01-20T15:28:18","slug":"partenaires","status":"publish","type":"page","link":"https:\/\/youcheckinn.com\/en\/partenaires\/","title":{"rendered":"Partners"},"content":{"rendered":"<p>[et_pb_section fb_built=\u00a0\u00bb1&Prime; admin_label=\u00a0\u00bbsection\u00a0\u00bb _builder_version=\u00a0\u00bb4.27.4&Prime; custom_margin=\u00a0\u00bb||0px||false|false\u00a0\u00bb custom_padding=\u00a0\u00bb||0px||false|false\u00a0\u00bb global_colors_info=\u00a0\u00bb{}\u00a0\u00bb][et_pb_row admin_label=\u00a0\u00bbrow\u00a0\u00bb _builder_version=\u00a0\u00bb4.16&Prime; background_size=\u00a0\u00bbinitial\u00a0\u00bb background_position=\u00a0\u00bbtop_left\u00a0\u00bb background_repeat=\u00a0\u00bbrepeat\u00a0\u00bb global_colors_info=\u00a0\u00bb{}\u00a0\u00bb][et_pb_column type=\u00a0\u00bb4_4&Prime; _builder_version=\u00a0\u00bb4.16&Prime; custom_padding=\u00a0\u00bb|||\u00a0\u00bb global_colors_info=\u00a0\u00bb{}\u00a0\u00bb custom_padding__hover=\u00a0\u00bb|||\u00a0\u00bb][et_pb_text _builder_version=\u00a0\u00bb4.27.4&Prime; _module_preset=\u00a0\u00bbdefault\u00a0\u00bb header_font=\u00a0\u00bbLato||||||||\u00a0\u00bb header_text_align=\u00a0\u00bbcenter\u00a0\u00bb header_font_size=\u00a0\u00bb40px\u00a0\u00bb global_colors_info=\u00a0\u00bb{}\u00a0\u00bb]<\/p>\n<h1>Partenaires<\/h1>\n<p>[\/et_pb_text][\/et_pb_column][\/et_pb_row][\/et_pb_section][et_pb_section fb_built=\u00a0\u00bb1&Prime; _builder_version=\u00a0\u00bb4.27.4&Prime; _module_preset=\u00a0\u00bbdefault\u00a0\u00bb global_colors_info=\u00a0\u00bb{}\u00a0\u00bb][et_pb_row column_structure=\u00a0\u00bb2_5,3_5&Prime; admin_label=\u00a0\u00bbControlH Row\u00a0\u00bb _builder_version=\u00a0\u00bb4.27.4&Prime; _module_preset=\u00a0\u00bbdefault\u00a0\u00bb custom_margin=\u00a0\u00bb||20px||false|false\u00a0\u00bb global_colors_info=\u00a0\u00bb{}\u00a0\u00bb][et_pb_column type=\u00a0\u00bb2_5&Prime; _builder_version=\u00a0\u00bb4.27.4&Prime; _module_preset=\u00a0\u00bbdefault\u00a0\u00bb global_colors_info=\u00a0\u00bb{}\u00a0\u00bb][et_pb_image src=\u00a0\u00bbhttps:\/\/youcheckinn.com\/wp-content\/uploads\/2025\/05\/controlh-logo-300&#215;300.png\u00a0\u00bb title_text=\u00a0\u00bbcontrolh-logo\u00a0\u00bb url=\u00a0\u00bbhttps:\/\/controlh.fr\/\u00a0\u00bb url_new_window=\u00a0\u00bbon\u00a0\u00bb _builder_version=\u00a0\u00bb4.27.5&Prime; _module_preset=\u00a0\u00bbdefault\u00a0\u00bb hover_enabled=\u00a0\u00bb0&Prime; global_colors_info=\u00a0\u00bb{}\u00a0\u00bb align_last_edited=\u00a0\u00bbon|tablet\u00a0\u00bb align_tablet=\u00a0\u00bbcenter\u00a0\u00bb sticky_enabled=\u00a0\u00bb0&Prime; align_phone=\u00a0\u00bbcenter\u00a0\u00bb][\/et_pb_image][\/et_pb_column][et_pb_column type=\u00a0\u00bb3_5&Prime; _builder_version=\u00a0\u00bb4.27.4&Prime; _module_preset=\u00a0\u00bbdefault\u00a0\u00bb global_colors_info=\u00a0\u00bb{}\u00a0\u00bb][et_pb_text _builder_version=\u00a0\u00bb4.27.4&Prime; _module_preset=\u00a0\u00bbdefault\u00a0\u00bb text_font_size=\u00a0\u00bb17px\u00a0\u00bb text_line_height=\u00a0\u00bb1.8em\u00a0\u00bb custom_margin=\u00a0\u00bb40px||||false|false\u00a0\u00bb global_colors_info=\u00a0\u00bb{}\u00a0\u00bb]<\/p>\n<p>Convaincus que la blockchain est l\u2019outil id\u00e9al pour renforcer la confiance entre partenaires et fiabiliser les \u00e9changes gr\u00e2ce \u00e0 un contr\u00f4le accru et une transparence native, les cr\u00e9ateurs de <a href=\"https:\/\/controlh.fr\/\" target=\"_blank\" rel=\"noopener\" title=\"CONTROLH\"><strong style=\"color: #af17ff;\">CONTROLH SAS<\/strong><\/a> ont d\u00e9cid\u00e9 de cr\u00e9er un espace d\u00e9di\u00e9 au partage et \u00e0 la mise en avant des applications qui utilisent <strong>Tezos<\/strong> comme outil de certification.<\/p>\n<p>[\/et_pb_text][\/et_pb_column][\/et_pb_row][et_pb_row column_structure=\u00a0\u00bb3_5,2_5&Prime; admin_label=\u00a0\u00bb121 Row\u00a0\u00bb _builder_version=\u00a0\u00bb4.27.4&Prime; _module_preset=\u00a0\u00bbdefault\u00a0\u00bb custom_margin=\u00a0\u00bb||20px||false|false\u00a0\u00bb global_colors_info=\u00a0\u00bb{}\u00a0\u00bb][et_pb_column type=\u00a0\u00bb3_5&Prime; _builder_version=\u00a0\u00bb4.27.4&Prime; _module_preset=\u00a0\u00bbdefault\u00a0\u00bb global_colors_info=\u00a0\u00bb{}\u00a0\u00bb][et_pb_text _builder_version=\u00a0\u00bb4.27.4&Prime; _module_preset=\u00a0\u00bbdefault\u00a0\u00bb text_font_size=\u00a0\u00bb17px\u00a0\u00bb text_line_height=\u00a0\u00bb1.8em\u00a0\u00bb custom_margin=\u00a0\u00bb40px||||false|false\u00a0\u00bb global_colors_info=\u00a0\u00bb{}\u00a0\u00bb]<\/p>\n<p>Propri\u00e9taire d\u2019un r\u00e9seau de fibres Optique noires \u00e0 tr\u00e8s haut d\u00e9bit (400G). Sp\u00e9cialiste de la virtualisation et de l\u2019hyperconvergence. Propri\u00e9taire d\u2019un Cloud priv\u00e9 souverain h\u00e9berg\u00e9 dans plusieurs Data center TIER3 en France, <a href=\"https:\/\/www.121.fr\/\" target=\"_blank\" rel=\"noopener\" title=\"121 SAS\"><strong style=\"color: #d20031;\">121 SAS<\/strong><\/a> s\u2019est impos\u00e9 naturellement comme l\u2019h\u00e9bergeur id\u00e9al de You Checkinn.<\/p>\n<p>[\/et_pb_text][\/et_pb_column][et_pb_column type=\u00a0\u00bb2_5&Prime; _builder_version=\u00a0\u00bb4.27.4&Prime; _module_preset=\u00a0\u00bbdefault\u00a0\u00bb global_colors_info=\u00a0\u00bb{}\u00a0\u00bb][et_pb_image src=\u00a0\u00bbhttps:\/\/youcheckinn.com\/wp-content\/uploads\/2025\/05\/logo-121-300&#215;235.png\u00a0\u00bb title_text=\u00a0\u00bblogo-121&Prime; url=\u00a0\u00bbhttps:\/\/www.121.fr\/\u00a0\u00bb url_new_window=\u00a0\u00bbon\u00a0\u00bb _builder_version=\u00a0\u00bb4.27.5&Prime; _module_preset=\u00a0\u00bbdefault\u00a0\u00bb hover_enabled=\u00a0\u00bb0&Prime; global_colors_info=\u00a0\u00bb{}\u00a0\u00bb align_last_edited=\u00a0\u00bbon|tablet\u00a0\u00bb align_tablet=\u00a0\u00bbcenter\u00a0\u00bb sticky_enabled=\u00a0\u00bb0&Prime; align_phone=\u00a0\u00bbcenter\u00a0\u00bb][\/et_pb_image][\/et_pb_column][\/et_pb_row][et_pb_row column_structure=\u00a0\u00bb2_5,3_5&Prime; admin_label=\u00a0\u00bbTezos Row\u00a0\u00bb _builder_version=\u00a0\u00bb4.27.4&Prime; _module_preset=\u00a0\u00bbdefault\u00a0\u00bb global_colors_info=\u00a0\u00bb{}\u00a0\u00bb][et_pb_column type=\u00a0\u00bb2_5&Prime; _builder_version=\u00a0\u00bb4.27.4&Prime; _module_preset=\u00a0\u00bbdefault\u00a0\u00bb global_colors_info=\u00a0\u00bb{}\u00a0\u00bb][et_pb_image src=\u00a0\u00bbhttps:\/\/youcheckinn.com\/wp-content\/uploads\/2025\/05\/tezos-logo-blue-220&#215;300.png\u00a0\u00bb title_text=\u00a0\u00bbtezos-logo-blue\u00a0\u00bb url=\u00a0\u00bbhttps:\/\/tezos.com\/\u00a0\u00bb url_new_window=\u00a0\u00bbon\u00a0\u00bb align=\u00a0\u00bbcenter\u00a0\u00bb _builder_version=\u00a0\u00bb4.27.5&Prime; _module_preset=\u00a0\u00bbdefault\u00a0\u00bb max_width=\u00a0\u00bb180px\u00a0\u00bb custom_margin=\u00a0\u00bb50px||||false|false\u00a0\u00bb hover_enabled=\u00a0\u00bb0&Prime; global_colors_info=\u00a0\u00bb{}\u00a0\u00bb sticky_enabled=\u00a0\u00bb0&Prime;][\/et_pb_image][\/et_pb_column][et_pb_column type=\u00a0\u00bb3_5&Prime; _builder_version=\u00a0\u00bb4.27.4&Prime; _module_preset=\u00a0\u00bbdefault\u00a0\u00bb global_colors_info=\u00a0\u00bb{}\u00a0\u00bb][et_pb_text _builder_version=\u00a0\u00bb4.27.5&Prime; _module_preset=\u00a0\u00bbdefault\u00a0\u00bb text_font_size=\u00a0\u00bb17px\u00a0\u00bb text_line_height=\u00a0\u00bb1.8em\u00a0\u00bb custom_margin=\u00a0\u00bb40px||||false|false\u00a0\u00bb global_colors_info=\u00a0\u00bb{}\u00a0\u00bb]<\/p>\n<p><a href=\"https:\/\/tezos.com\/\" target=\"_blank\" rel=\"noopener\" title=\"Tezos\"><strong style=\"color: #2c7df7;\">Tezos<\/strong><\/a> est une blockchain franco-suisse orient\u00e9e pour le d\u00e9veloppement de contrats intelligents autour de la cryptomonnaie tez (<img decoding=\"async\" src=\"https:\/\/youcheckinn.com\/wp-content\/themes\/youcheckinn-child\/assets\/img\/tz-symbol.svg\" width=\"20\" style=\"display: inline-block; vertical-align: middle;\" alt=\"TZ symbol\"\/>, XTZ).<\/p>\n<p>L&rsquo;algorithme du protocole est un principe de consensus par preuve d&rsquo;enjeu \u00e0 cha\u00eene longue, ce qui la rend particuli\u00e8rement peu \u00e9nergivore par rapport aux autres blockchain.<\/p>\n<p>Sa conception modulaire lui permet d&rsquo;assurer sa propre \u00e9volution \u00e0 travers une gouvernance on-chain. Ce qui exclue les risques de \u00ab fork \u00bb et garanti la p\u00e9rennit\u00e9 de sa gouvernance.<\/p>\n<p>[\/et_pb_text][\/et_pb_column][\/et_pb_row][\/et_pb_section]<\/p>\n","protected":false},"excerpt":{"rendered":"<p>PartenairesConvaincus que la blockchain est l\u2019outil id\u00e9al pour renforcer la confiance entre partenaires et fiabiliser les \u00e9changes gr\u00e2ce \u00e0 un contr\u00f4le accru et une transparence native, les cr\u00e9ateurs de CONTROLH SAS ont d\u00e9cid\u00e9 de cr\u00e9er un espace d\u00e9di\u00e9 au partage et \u00e0 la mise en avant des applications qui utilisent Tezos comme outil de certification.Propri\u00e9taire [&hellip;]<\/p>\n","protected":false},"author":5,"featured_media":0,"parent":0,"menu_order":0,"comment_status":"closed","ping_status":"closed","template":"","meta":{"_acf_changed":false,"_et_pb_use_builder":"on","_et_pb_old_content":"","_et_gb_content_width":"","footnotes":""},"class_list":["post-566","page","type-page","status-publish","hentry"],"acf":[],"_links":{"self":[{"href":"https:\/\/youcheckinn.com\/en\/wp-json\/wp\/v2\/pages\/566","targetHints":{"allow":["GET"]}}],"collection":[{"href":"https:\/\/youcheckinn.com\/en\/wp-json\/wp\/v2\/pages"}],"about":[{"href":"https:\/\/youcheckinn.com\/en\/wp-json\/wp\/v2\/types\/page"}],"author":[{"embeddable":true,"href":"https:\/\/youcheckinn.com\/en\/wp-json\/wp\/v2\/users\/5"}],"replies":[{"embeddable":true,"href":"https:\/\/youcheckinn.com\/en\/wp-json\/wp\/v2\/comments?post=566"}],"version-history":[{"count":17,"href":"https:\/\/youcheckinn.com\/en\/wp-json\/wp\/v2\/pages\/566\/revisions"}],"predecessor-version":[{"id":1253,"href":"https:\/\/youcheckinn.com\/en\/wp-json\/wp\/v2\/pages\/566\/revisions\/1253"}],"wp:attachment":[{"href":"https:\/\/youcheckinn.com\/en\/wp-json\/wp\/v2\/media?parent=566"}],"curies":[{"name":"wp","href":"https:\/\/api.w.org\/{rel}","templated":true}]}}