{"id":461,"date":"2025-09-15T08:20:24","date_gmt":"2025-09-15T08:20:24","guid":{"rendered":"https:\/\/youcheckinn.com\/?page_id=461"},"modified":"2026-01-20T10:50:34","modified_gmt":"2026-01-20T10:50:34","slug":"proprietaires-et-conciergeries","status":"publish","type":"page","link":"https:\/\/youcheckinn.com\/es\/proprietaires-et-conciergeries\/","title":{"rendered":"Propietarios y cuidadores"},"content":{"rendered":"<p>[et_pb_section fb_built=\u00a0\u00bb1&Prime; admin_label=\u00a0\u00bbsection\u00a0\u00bb _builder_version=\u00a0\u00bb4.16&Prime; custom_padding=\u00a0\u00bb||100px|||\u00a0\u00bb global_colors_info=\u00a0\u00bb{}\u00a0\u00bb][et_pb_row admin_label=\u00a0\u00bbrow\u00a0\u00bb _builder_version=\u00a0\u00bb4.16&Prime; background_size=\u00a0\u00bbinitial\u00a0\u00bb background_position=\u00a0\u00bbtop_left\u00a0\u00bb background_repeat=\u00a0\u00bbrepeat\u00a0\u00bb global_colors_info=\u00a0\u00bb{}\u00a0\u00bb][et_pb_column type=\u00a0\u00bb4_4&Prime; _builder_version=\u00a0\u00bb4.16&Prime; custom_padding=\u00a0\u00bb|||\u00a0\u00bb global_colors_info=\u00a0\u00bb{}\u00a0\u00bb custom_padding__hover=\u00a0\u00bb|||\u00a0\u00bb][et_pb_text admin_label=\u00a0\u00bbTitre page\u00a0\u00bb module_id=\u00a0\u00bbsolutions\u00a0\u00bb _builder_version=\u00a0\u00bb4.27.4&Prime; _module_preset=\u00a0\u00bbdefault\u00a0\u00bb header_font=\u00a0\u00bbLato|700|||||||\u00a0\u00bb header_text_align=\u00a0\u00bbcenter\u00a0\u00bb header_font_size=\u00a0\u00bb32px\u00a0\u00bb header_2_font=\u00a0\u00bbLato||||||||\u00a0\u00bb header_3_font=\u00a0\u00bbLato|700|||||||\u00a0\u00bb header_3_font_size=\u00a0\u00bb36px\u00a0\u00bb header_3_line_height=\u00a0\u00bb1.5em\u00a0\u00bb locked=\u00a0\u00bboff\u00a0\u00bb global_colors_info=\u00a0\u00bb{}\u00a0\u00bb]<\/p>\n<h1>Propri\u00e9taires &amp; conciergeries<\/h1>\n<p>[\/et_pb_text][\/et_pb_column][\/et_pb_row][et_pb_row column_structure=\u00a0\u00bb2_5,3_5&Prime; custom_padding_last_edited=\u00a0\u00bbon|phone\u00a0\u00bb _builder_version=\u00a0\u00bb4.27.4&Prime; custom_margin=\u00a0\u00bb|auto|0px|auto|false|false\u00a0\u00bb custom_margin_tablet=\u00a0\u00bb0px||||false|false\u00a0\u00bb custom_margin_phone=\u00a0\u00bb0px||||false|false\u00a0\u00bb custom_margin_last_edited=\u00a0\u00bbon|tablet\u00a0\u00bb custom_padding_tablet=\u00a0\u00bb0px||||false|false\u00a0\u00bb custom_padding_phone=\u00a0\u00bb0px||||false|false\u00a0\u00bb locked=\u00a0\u00bboff\u00a0\u00bb global_colors_info=\u00a0\u00bb{}\u00a0\u00bb][et_pb_column type=\u00a0\u00bb2_5&Prime; _builder_version=\u00a0\u00bb4.16&Prime; custom_padding=\u00a0\u00bb|||\u00a0\u00bb global_colors_info=\u00a0\u00bb{}\u00a0\u00bb custom_padding__hover=\u00a0\u00bb|||\u00a0\u00bb][et_pb_text admin_label=\u00a0\u00bbPr\u00e9sentation Propri\u00e9taires &#8211; Accroche\u00a0\u00bb _builder_version=\u00a0\u00bb4.27.4&Prime; text_font=\u00a0\u00bbLato||||||||\u00a0\u00bb text_text_color=\u00a0\u00bb#898f99&Prime; text_font_size=\u00a0\u00bb24px\u00a0\u00bb header_font=\u00a0\u00bb||||||||\u00a0\u00bb header_2_font=\u00a0\u00bbLato||||||||\u00a0\u00bb header_3_font=\u00a0\u00bbLato|700|||||||\u00a0\u00bb header_3_font_size=\u00a0\u00bb36px\u00a0\u00bb header_3_line_height=\u00a0\u00bb1.5em\u00a0\u00bb custom_margin=\u00a0\u00bb60px|||\u00a0\u00bb custom_margin_tablet=\u00a0\u00bb20px||||false|false\u00a0\u00bb custom_margin_phone=\u00a0\u00bb20px||||false|false\u00a0\u00bb custom_margin_last_edited=\u00a0\u00bbon|phone\u00a0\u00bb global_colors_info=\u00a0\u00bb{}\u00a0\u00bb]<\/p>\n<p><em>\u00a0Que vous soyez propri\u00e9taire de meubl\u00e9s de tourisme, ou une conciergerie, t\u00e9l\u00e9chargez, dans l\u2019Appstore ou sur Google Play, notre application<br \/>You CheckInn sur votre smartphone.<\/em><\/p>\n<p>[\/et_pb_text][et_pb_text admin_label=\u00a0\u00bbLiens appstores\u00a0\u00bb _builder_version=\u00a0\u00bb4.27.5&Prime; _module_preset=\u00a0\u00bbdefault\u00a0\u00bb custom_margin=\u00a0\u00bb||35px|||\u00a0\u00bb hover_enabled=\u00a0\u00bb0&Prime; global_colors_info=\u00a0\u00bb{}\u00a0\u00bb sticky_enabled=\u00a0\u00bb0&Prime;]<\/p>\n<p class=\"mobile-apps-buttons\"><a href=\"https:\/\/apps.apple.com\/fr\/app\/you-checkinn\/id6748941393\" target=\"_blank\" rel=\"noopener\" title=\"T\u00e9l\u00e9charger sur l'Appstore\"><img loading=\"lazy\" decoding=\"async\" src=\"https:\/\/youcheckinn.com\/wp-content\/uploads\/2025\/09\/appstore-logo-300x89.png\" width=\"150\" height=\"45\" alt=\"\" class=\"wp-image-483 alignnone size-medium\" \/><\/a><a href=\"https:\/\/play.google.com\/store\/apps\/details?id=com.youcheckinn.android\" target=\"_blank\" rel=\"noopener\" title=\"T\u00e9l\u00e9charger sur Google Play\"><img loading=\"lazy\" decoding=\"async\" src=\"https:\/\/youcheckinn.com\/wp-content\/uploads\/2025\/09\/googleplay-logo-300x90.png\" width=\"150\" height=\"45\" alt=\"\" class=\"wp-image-493 alignnone size-medium\" \/><\/a><\/p>\n<p>[\/et_pb_text][et_pb_text admin_label=\u00a0\u00bbEn savoir plus Propri\u00e9taires &#8211; Texte\u00a0\u00bb _builder_version=\u00a0\u00bb4.27.4&Prime; text_font=\u00a0\u00bbLato||||||||\u00a0\u00bb text_text_color=\u00a0\u00bb#898f99&Prime; text_font_size=\u00a0\u00bb17px\u00a0\u00bb text_line_height=\u00a0\u00bb1.65em\u00a0\u00bb header_font=\u00a0\u00bb||||||||\u00a0\u00bb header_2_font=\u00a0\u00bbLato||||||||\u00a0\u00bb header_3_font=\u00a0\u00bbLato|700|||||||\u00a0\u00bb header_3_font_size=\u00a0\u00bb36px\u00a0\u00bb header_3_line_height=\u00a0\u00bb1.5em\u00a0\u00bb custom_margin=\u00a0\u00bb||||false|false\u00a0\u00bb global_colors_info=\u00a0\u00bb{}\u00a0\u00bb]<\/p>\n<p>L\u2019activit\u00e9 de location de meubl\u00e9s touristiques demande beaucoup de r\u00e9activit\u00e9 et une grande efficacit\u00e9 pour g\u00e9rer entr\u00e9es et sorties chaque semaine, ou chaque week-end, ce qui n\u2019est pas toujours facile.<\/p>\n<p>Parmi les t\u00e2ches r\u00e9currentes et chronophages, il y a l&rsquo;incontournable \u00e9tat des lieux, et c&rsquo;est l\u00e0 qu&rsquo;intervient <span style=\"color: #339966;\"><strong>You CheckInn<\/strong><\/span>.<\/p>\n<p>[\/et_pb_text][\/et_pb_column][et_pb_column type=\u00a0\u00bb3_5&Prime; _builder_version=\u00a0\u00bb4.16&Prime; custom_padding=\u00a0\u00bb|||\u00a0\u00bb global_colors_info=\u00a0\u00bb{}\u00a0\u00bb custom_padding__hover=\u00a0\u00bb|||\u00a0\u00bb][et_pb_image src=\u00a0\u00bbhttps:\/\/youcheckinn.com\/wp-content\/uploads\/2025\/09\/Mockup-Accroche-porteV2.png\u00a0\u00bb alt=\u00a0\u00bbYou CheckInn &#8211; \u00c9tat des lieux certifi\u00e9\u00a0\u00bb title_text=\u00a0\u00bbYou CheckInn &#8211; \u00c9tat des lieux certifi\u00e9\u00a0\u00bb force_fullwidth=\u00a0\u00bbon\u00a0\u00bb align_tablet=\u00a0\u00bbcenter\u00a0\u00bb align_phone=\u00a0\u00bbcenter\u00a0\u00bb align_last_edited=\u00a0\u00bbon|desktop\u00a0\u00bb admin_label=\u00a0\u00bbYou CheckInn &#8211; \u00c9tat des lieux certifi\u00e9\u00a0\u00bb _builder_version=\u00a0\u00bb4.27.4&Prime; custom_margin=\u00a0\u00bb60px|||10px|false|false\u00a0\u00bb animation_style=\u00a0\u00bbfade\u00a0\u00bb locked=\u00a0\u00bboff\u00a0\u00bb global_colors_info=\u00a0\u00bb{}\u00a0\u00bb][\/et_pb_image][et_pb_image src=\u00a0\u00bbhttps:\/\/youcheckinn.com\/wp-content\/uploads\/2025\/03\/app_splashscreen-482&#215;1024.png\u00a0\u00bb alt=\u00a0\u00bbYou CheckInn &#8211; La confiance d&rsquo;abord\u00a0\u00bb title_text=\u00a0\u00bbYou CheckInn &#8211; La confiance d&rsquo;abord\u00a0\u00bb _builder_version=\u00a0\u00bb4.27.4&Prime; _module_preset=\u00a0\u00bbdefault\u00a0\u00bb positioning=\u00a0\u00bbabsolute\u00a0\u00bb vertical_offset=\u00a0\u00bb165px\u00a0\u00bb horizontal_offset=\u00a0\u00bb75px\u00a0\u00bb width=\u00a0\u00bb100%\u00a0\u00bb max_height=\u00a0\u00bb350px\u00a0\u00bb max_height_tablet=\u00a0\u00bb350px\u00a0\u00bb max_height_phone=\u00a0\u00bb200px\u00a0\u00bb max_height_last_edited=\u00a0\u00bbon|phone\u00a0\u00bb custom_margin_tablet=\u00a0\u00bb-10px|||-20px|false|false\u00a0\u00bb custom_margin_phone=\u00a0\u00bb-60px|||-40px|false|false\u00a0\u00bb custom_margin_last_edited=\u00a0\u00bbon|phone\u00a0\u00bb global_colors_info=\u00a0\u00bb{}\u00a0\u00bb][\/et_pb_image][\/et_pb_column][\/et_pb_row][et_pb_row _builder_version=\u00a0\u00bb4.27.4&Prime; _module_preset=\u00a0\u00bbdefault\u00a0\u00bb custom_margin=\u00a0\u00bb0px||||false|false\u00a0\u00bb custom_padding=\u00a0\u00bb0px||||false|false\u00a0\u00bb global_colors_info=\u00a0\u00bb{}\u00a0\u00bb][et_pb_column type=\u00a0\u00bb4_4&Prime; _builder_version=\u00a0\u00bb4.27.4&Prime; _module_preset=\u00a0\u00bbdefault\u00a0\u00bb global_colors_info=\u00a0\u00bb{}\u00a0\u00bb][et_pb_text admin_label=\u00a0\u00bbPr\u00e9sentation Propri\u00e9taires\u00a0\u00bb _builder_version=\u00a0\u00bb4.27.4&Prime; text_font=\u00a0\u00bbLato||||||||\u00a0\u00bb text_text_color=\u00a0\u00bb#898f99&Prime; text_font_size=\u00a0\u00bb17px\u00a0\u00bb text_line_height=\u00a0\u00bb1.65em\u00a0\u00bb header_font=\u00a0\u00bb||||||||\u00a0\u00bb header_2_font=\u00a0\u00bbLato||||||||\u00a0\u00bb header_3_font=\u00a0\u00bbLato|700|||||||\u00a0\u00bb header_3_font_size=\u00a0\u00bb36px\u00a0\u00bb header_3_line_height=\u00a0\u00bb1.5em\u00a0\u00bb custom_margin=\u00a0\u00bb||||false|false\u00a0\u00bb global_colors_info=\u00a0\u00bb{}\u00a0\u00bb]<\/p>\n<p>You CheckInn vous permet d\u2019<span style=\"color: #339966;\"><strong>\u00e9tablir un \u00e9tat des lieux de d\u00e9part<\/strong><\/span>, d\u00e9taill\u00e9 et tr\u00e8s soign\u00e9 qui pourra <span style=\"color: #339966;\"><strong>\u00e9voluer au fil de l\u2019eau<\/strong><\/span> en fonction des \u00e9ventuels changements qui pourraient intervenir sur le bien (alt\u00e9rations, travaux\u2026).<br \/><span style=\"color: #339966;\"><strong>Cet \u00e9tat des lieux, et les photos<\/strong><\/span> qui l\u2019accompagnent sont ancr\u00e9s dans la <span style=\"color: #339966;\"><strong>blockchain Tezos<\/strong><\/span> ce qui les rends <span style=\"color: #339966;\"><strong>infalsifiables<\/strong><\/span>.<\/p>\n<p>Le <span style=\"color: #339966;\"><strong>locataire ayant t\u00e9l\u00e9charg\u00e9 gratuitement l\u2019application<\/strong><\/span> va pouvoir d\u00e8s son arriv\u00e9e valider l\u2019\u00e9tat des lieux pi\u00e8ce par pi\u00e8ce et \u00e9ventuellement faire des observations qui seront \u00e0 leur tour valid\u00e9es (ou pas) par vos soins, ce qui <span style=\"color: #339966;\"><strong>respecte le cot\u00e9 contradictoire de l\u2019\u00e9tat des lieux<\/strong><\/span>.<\/p>\n<p>Au moment du d\u00e9part, le locataire valide \u00e0 nouveau et en quelques minutes pi\u00e8ce par pi\u00e8ce l\u2019\u00e9tat des lieux de sortie qui est archiv\u00e9 et ancr\u00e9 \u00e0 son tour dans la blockchain Tezos.<\/p>\n<p>Lors de la pr\u00e9paration du logement pour le nouveau locataire, par vous-m\u00eame ou toute personne que vous aurez d\u00e9l\u00e9gu\u00e9e, vous validerez a votre tour (ou pas) l\u2019\u00e9tat des lieux de sortie et, qu&rsquo;il soit valid\u00e9 ou modifi\u00e9, <span style=\"color: #339966;\"><strong>ce nouvel \u00e9tat des lieux sera le point de d\u00e9part pour le nouveau locataire\u2026 <\/strong><\/span>et ainsi de suite.<\/p>\n<p>Si vous \u00eates pr\u00e9sents, vous pourrez ainsi passer plus de temps avec vos clients pour leur offrir un accueil convivial.<\/p>\n<p>Avec You CheckInn, vous <span style=\"color: #339966;\"><strong>supprimez les situations de conflits<\/strong><\/span> et <span style=\"color: #339966;\"><strong>privil\u00e9giez un accueil personnalis\u00e9 et convivial<\/strong><\/span>, pour un tarif extr\u00eamement avantageux.<\/p>\n<p>You CheckInn s\u2019adresse aux G\u00eetes, Chambres d\u2019H\u00f4tes, mais aussi aux Campings et H\u00f4tels<\/p>\n<p>[\/et_pb_text][\/et_pb_column][\/et_pb_row][\/et_pb_section]<\/p>\n","protected":false},"excerpt":{"rendered":"<p>Propri\u00e9taires &amp; conciergeries\u00a0Que vous soyez propri\u00e9taire de meubl\u00e9s de tourisme, ou une conciergerie, t\u00e9l\u00e9chargez, dans l\u2019Appstore ou sur Google Play, notre applicationYou CheckInn sur votre smartphone.L\u2019activit\u00e9 de location de meubl\u00e9s touristiques demande beaucoup de r\u00e9activit\u00e9 et une grande efficacit\u00e9 pour g\u00e9rer entr\u00e9es et sorties chaque semaine, ou chaque week-end, ce qui n\u2019est pas toujours facile. [&hellip;]<\/p>\n","protected":false},"author":5,"featured_media":0,"parent":0,"menu_order":0,"comment_status":"closed","ping_status":"closed","template":"","meta":{"_acf_changed":false,"_et_pb_use_builder":"on","_et_pb_old_content":"","_et_gb_content_width":"","footnotes":""},"class_list":["post-461","page","type-page","status-publish","hentry"],"acf":[],"_links":{"self":[{"href":"https:\/\/youcheckinn.com\/es\/wp-json\/wp\/v2\/pages\/461","targetHints":{"allow":["GET"]}}],"collection":[{"href":"https:\/\/youcheckinn.com\/es\/wp-json\/wp\/v2\/pages"}],"about":[{"href":"https:\/\/youcheckinn.com\/es\/wp-json\/wp\/v2\/types\/page"}],"author":[{"embeddable":true,"href":"https:\/\/youcheckinn.com\/es\/wp-json\/wp\/v2\/users\/5"}],"replies":[{"embeddable":true,"href":"https:\/\/youcheckinn.com\/es\/wp-json\/wp\/v2\/comments?post=461"}],"version-history":[{"count":41,"href":"https:\/\/youcheckinn.com\/es\/wp-json\/wp\/v2\/pages\/461\/revisions"}],"predecessor-version":[{"id":1196,"href":"https:\/\/youcheckinn.com\/es\/wp-json\/wp\/v2\/pages\/461\/revisions\/1196"}],"wp:attachment":[{"href":"https:\/\/youcheckinn.com\/es\/wp-json\/wp\/v2\/media?parent=461"}],"curies":[{"name":"wp","href":"https:\/\/api.w.org\/{rel}","templated":true}]}}